{"id":4196,"date":"2013-02-14T10:20:55","date_gmt":"2013-02-14T10:20:55","guid":{"rendered":"https:\/\/acc.vn\/trang-chu-2\/"},"modified":"2021-05-05T16:15:01","modified_gmt":"2021-05-05T09:15:01","slug":"trang-chu","status":"publish","type":"page","link":"https:\/\/acc.vn\/ja\/","title":{"rendered":"\u30db\u30fc\u30e0"},"content":{"rendered":"","protected":false},"excerpt":{"rendered":"","protected":false},"author":1,"featured_media":0,"parent":0,"menu_order":0,"comment_status":"closed","ping_status":"closed","template":"","meta":[],"yoast_head":"<!-- This site is optimized with the Yoast SEO Premium plugin v15.0 - https:\/\/yoast.com\/wordpress\/plugins\/seo\/ -->\n<title>\u30db\u30fc\u30e0<\/title>\n<meta name=\"robots\" content=\"index, follow, max-snippet:-1, max-image-preview:large, max-video-preview:-1\" \/>\n<link rel=\"canonical\" href=\"https:\/\/acc.vn\/ja\/\" \/>\n<meta property=\"og:locale\" content=\"en_US\" \/>\n<meta property=\"og:type\" content=\"article\" \/>\n<meta property=\"og:title\" content=\"\u30db\u30fc\u30e0\" \/>\n<meta property=\"og:description\" content=\"\u0110i\u1ec1u Tr\u1ecb \u0110au Kh\u00f4ng D\u00f9ng Thu\u1ed1c Ho\u1eb7c Ph\u1eabu Thu\u1eadt\" \/>\n<meta property=\"og:url\" content=\"https:\/\/acc.vn\/ja\/\" \/>\n<meta property=\"og:site_name\" content=\"ACC Japan\" \/>\n<meta property=\"article:modified_time\" content=\"2021-05-05T09:15:01+00:00\" \/>\n<meta name=\"twitter:card\" content=\"summary\" \/>\n<script type=\"application\/ld+json\" class=\"yoast-schema-graph\">{\"@context\":\"https:\/\/schema.org\",\"@graph\":[{\"@type\":\"WebSite\",\"@id\":\"https:\/\/acc.vn\/ja\/#website\",\"url\":\"https:\/\/acc.vn\/ja\/\",\"name\":\"ACC Japan\",\"description\":\"Responsive Medical Health WordPress Theme\",\"potentialAction\":[{\"@type\":\"SearchAction\",\"target\":\"https:\/\/acc.vn\/ja\/?s={search_term_string}\",\"query-input\":\"required name=search_term_string\"}],\"inLanguage\":\"en-US\"},{\"@type\":\"WebPage\",\"@id\":\"https:\/\/acc.vn\/ja\/#webpage\",\"url\":\"https:\/\/acc.vn\/ja\/\",\"name\":\"\\u30db\\u30fc\\u30e0\",\"isPartOf\":{\"@id\":\"https:\/\/acc.vn\/ja\/#website\"},\"datePublished\":\"2013-02-14T10:20:55+00:00\",\"dateModified\":\"2021-05-05T09:15:01+00:00\",\"breadcrumb\":{\"@id\":\"https:\/\/acc.vn\/ja\/#breadcrumb\"},\"inLanguage\":\"en-US\",\"potentialAction\":[{\"@type\":\"ReadAction\",\"target\":[\"https:\/\/acc.vn\/ja\/\"]}]},{\"@type\":\"BreadcrumbList\",\"@id\":\"https:\/\/acc.vn\/ja\/#breadcrumb\",\"itemListElement\":[{\"@type\":\"ListItem\",\"position\":1,\"item\":{\"@type\":\"WebPage\",\"@id\":\"https:\/\/acc.vn\/ja\/\",\"url\":\"https:\/\/acc.vn\/ja\/\",\"name\":\"\\u30db\\u30fc\\u30e0\"}},{\"@type\":\"ListItem\",\"position\":2,\"item\":{\"@type\":\"WebPage\",\"@id\":\"https:\/\/acc.vn\/ja\/\",\"url\":\"https:\/\/acc.vn\/ja\/\",\"name\":\"\\u30db\\u30fc\\u30e0\"}}]}]}<\/script>\n<!-- \/ Yoast SEO Premium plugin. -->","_links":{"self":[{"href":"https:\/\/acc.vn\/ja\/wp-json\/wp\/v2\/pages\/4196"}],"collection":[{"href":"https:\/\/acc.vn\/ja\/wp-json\/wp\/v2\/pages"}],"about":[{"href":"https:\/\/acc.vn\/ja\/wp-json\/wp\/v2\/types\/page"}],"author":[{"embeddable":true,"href":"https:\/\/acc.vn\/ja\/wp-json\/wp\/v2\/users\/1"}],"replies":[{"embeddable":true,"href":"https:\/\/acc.vn\/ja\/wp-json\/wp\/v2\/comments?post=4196"}],"version-history":[{"count":18,"href":"https:\/\/acc.vn\/ja\/wp-json\/wp\/v2\/pages\/4196\/revisions"}],"predecessor-version":[{"id":6107,"href":"https:\/\/acc.vn\/ja\/wp-json\/wp\/v2\/pages\/4196\/revisions\/6107"}],"wp:attachment":[{"href":"https:\/\/acc.vn\/ja\/wp-json\/wp\/v2\/media?parent=4196"}],"curies":[{"name":"wp","href":"https:\/\/api.w.org\/{rel}","templated":true}]}}