{"id":5577,"date":"2016-06-25T13:12:50","date_gmt":"2016-06-25T06:12:50","guid":{"rendered":"https:\/\/acc.vn\/?page_id=5577"},"modified":"2021-06-30T09:47:25","modified_gmt":"2021-06-30T02:47:25","slug":"chiropratique-hernie-discale","status":"publish","type":"page","link":"https:\/\/acc.vn\/fr\/chiropratique-hernie-discale\/","title":{"rendered":"Chiropratique &#8211; hernie discale"},"content":{"rendered":"<h2><strong>TH\u00c9RAPIE LASER CLASSE IV<\/strong><\/h2>\n<p>La th\u00e9rapie par laser \u00e0 grande surface de classe IV offre une gu\u00e9rison et un soulagement de la douleur gr\u00e2ce \u00e0 une proc\u00e9dure appel\u00e9e photo-bio stimulation. Le processus conduit \u00e0 une circulation am\u00e9lior\u00e9e, \u00e0 une inflammation r\u00e9duite et \u00e0 un processus de gu\u00e9rison acc\u00e9l\u00e9r\u00e9. Le cartilage et d&#8217;autres tissus de l&#8217;articulation du genou commencent r\u00e9ellement \u00e0 se r\u00e9g\u00e9n\u00e9rer.<\/p>\n<h2><strong>SEMELLES ORTHOP\u00c9DIQUES<\/strong><\/h2>\n<p><img loading=\"lazy\" class=\"wp-image-5661 alignright\" src=\"https:\/\/acc.vn\/wp-content\/uploads\/sites\/13\/2016\/06\/acc_flatfeet-03.jpg\" alt=\"acc_flatfeet-03\" width=\"400\" height=\"266\" srcset=\"https:\/\/acc.vn\/fr\/wp-content\/uploads\/sites\/13\/2016\/06\/acc_flatfeet-03.jpg 480w, https:\/\/acc.vn\/fr\/wp-content\/uploads\/sites\/13\/2016\/06\/acc_flatfeet-03-300x199.jpg 300w, https:\/\/acc.vn\/fr\/wp-content\/uploads\/sites\/13\/2016\/06\/acc_flatfeet-03-225x150.jpg 225w\" sizes=\"(max-width: 400px) 100vw, 400px\" \/> ACC offre le diagnostic le plus pointu et les meilleurs options de traitement pour tous les besoins de soin de pied les plus communs. Depuis 12 ans, l\u2019ACC poss\u00e8de le laboratoire m\u00e9dical de semelles orthop\u00e9diques le plus sp\u00e9cialis\u00e9 d\u2019Asie du Sud-Est. Avec la seconde g\u00e9n\u00e9ration d\u2019\u00e9quipement Cad-Cam ou CFAO (Conception et Fabrication Assist\u00e9e par Ordinateur), et presque deux d\u00e9cennies d\u2019exp\u00e9rience, nous produisons les semelles orthop\u00e9diques les plus travaill\u00e9es d\u2019Asie. Chaque ann\u00e9e, des milliers de patients trouvent un soulagement avec nos m\u00e9thodes de traitement. Chaque ann\u00e9e, les personnes, y compris les athl\u00e8tes professionnels, voyagent d\u2019Europe, Australie et Etats-Unis et trouvent une solution \u00e0 leurs probl\u00e8mes<\/p>\n","protected":false},"excerpt":{"rendered":"<p>TH\u00c9RAPIE LASER CLASSE IV La th\u00e9rapie par laser \u00e0 grande surface de classe IV offre une gu\u00e9rison et un soulagement de la douleur gr\u00e2ce \u00e0 une proc\u00e9dure appel\u00e9e photo-bio stimulation. Le processus conduit \u00e0 une circulation am\u00e9lior\u00e9e, \u00e0 une inflammation r\u00e9duite et \u00e0 un processus de gu\u00e9rison acc\u00e9l\u00e9r\u00e9. Le cartilage et d&#8217;autres tissus de l&#8217;articulation &hellip; <\/p>\n<p class=\"link-more\"><a href=\"https:\/\/acc.vn\/fr\/chiropratique-hernie-discale\/\" class=\"more-link\">View more ><span class=\"screen-reader-text\"> &#8220;Chiropratique &#8211; hernie discale&#8221;<\/span><\/a><\/p>\n","protected":false},"author":4,"featured_media":5746,"parent":0,"menu_order":0,"comment_status":"closed","ping_status":"closed","template":"page-chiropratique-widthout-en.php","meta":[],"yoast_head":"<!-- This site is optimized with the Yoast SEO Premium plugin v15.0 - https:\/\/yoast.com\/wordpress\/plugins\/seo\/ -->\n<title>Chiropratique - hernie discale - ACC French<\/title>\n<meta name=\"robots\" content=\"index, follow, max-snippet:-1, max-image-preview:large, max-video-preview:-1\" \/>\n<link rel=\"canonical\" href=\"https:\/\/acc.vn\/fr\/chiropratique-hernie-discale\/\" \/>\n<meta property=\"og:locale\" content=\"en_US\" \/>\n<meta property=\"og:type\" content=\"article\" \/>\n<meta property=\"og:title\" content=\"Chiropratique - hernie discale - ACC French\" \/>\n<meta property=\"og:description\" content=\"TH\u00c9RAPIE LASER CLASSE IV La th\u00e9rapie par laser \u00e0 grande surface de classe IV offre une gu\u00e9rison et un soulagement de la douleur gr\u00e2ce \u00e0 une proc\u00e9dure appel\u00e9e photo-bio stimulation. Le processus conduit \u00e0 une circulation am\u00e9lior\u00e9e, \u00e0 une inflammation r\u00e9duite et \u00e0 un processus de gu\u00e9rison acc\u00e9l\u00e9r\u00e9. Le cartilage et d&#8217;autres tissus de l&#8217;articulation &hellip; View more &gt; &quot;Chiropratique &#8211; hernie discale&quot;\" \/>\n<meta property=\"og:url\" content=\"https:\/\/acc.vn\/fr\/chiropratique-hernie-discale\/\" \/>\n<meta property=\"og:site_name\" content=\"ACC French\" \/>\n<meta property=\"article:modified_time\" content=\"2021-06-30T02:47:25+00:00\" \/>\n<meta property=\"og:image\" content=\"https:\/\/acc.vn\/fr\/wp-content\/uploads\/sites\/13\/2016\/06\/9.png\" \/>\n\t<meta property=\"og:image:width\" content=\"540\" \/>\n\t<meta property=\"og:image:height\" content=\"646\" \/>\n<meta name=\"twitter:card\" content=\"summary\" \/>\n<script type=\"application\/ld+json\" class=\"yoast-schema-graph\">{\"@context\":\"https:\/\/schema.org\",\"@graph\":[{\"@type\":\"WebSite\",\"@id\":\"https:\/\/acc.vn\/fr\/#website\",\"url\":\"https:\/\/acc.vn\/fr\/\",\"name\":\"ACC French\",\"description\":\"Responsive Medical Health WordPress Theme\",\"potentialAction\":[{\"@type\":\"SearchAction\",\"target\":\"https:\/\/acc.vn\/fr\/?s={search_term_string}\",\"query-input\":\"required name=search_term_string\"}],\"inLanguage\":\"en-US\"},{\"@type\":\"ImageObject\",\"@id\":\"https:\/\/acc.vn\/fr\/chiropratique-hernie-discale\/#primaryimage\",\"inLanguage\":\"en-US\",\"url\":\"https:\/\/acc.vn\/fr\/wp-content\/uploads\/sites\/13\/2016\/06\/9.png\",\"width\":540,\"height\":646},{\"@type\":\"WebPage\",\"@id\":\"https:\/\/acc.vn\/fr\/chiropratique-hernie-discale\/#webpage\",\"url\":\"https:\/\/acc.vn\/fr\/chiropratique-hernie-discale\/\",\"name\":\"Chiropratique - hernie discale - ACC French\",\"isPartOf\":{\"@id\":\"https:\/\/acc.vn\/fr\/#website\"},\"primaryImageOfPage\":{\"@id\":\"https:\/\/acc.vn\/fr\/chiropratique-hernie-discale\/#primaryimage\"},\"datePublished\":\"2016-06-25T06:12:50+00:00\",\"dateModified\":\"2021-06-30T02:47:25+00:00\",\"breadcrumb\":{\"@id\":\"https:\/\/acc.vn\/fr\/chiropratique-hernie-discale\/#breadcrumb\"},\"inLanguage\":\"en-US\",\"potentialAction\":[{\"@type\":\"ReadAction\",\"target\":[\"https:\/\/acc.vn\/fr\/chiropratique-hernie-discale\/\"]}]},{\"@type\":\"BreadcrumbList\",\"@id\":\"https:\/\/acc.vn\/fr\/chiropratique-hernie-discale\/#breadcrumb\",\"itemListElement\":[{\"@type\":\"ListItem\",\"position\":1,\"item\":{\"@type\":\"WebPage\",\"@id\":\"https:\/\/acc.vn\/fr\/\",\"url\":\"https:\/\/acc.vn\/fr\/\",\"name\":\"Domicile\"}},{\"@type\":\"ListItem\",\"position\":2,\"item\":{\"@type\":\"WebPage\",\"@id\":\"https:\/\/acc.vn\/fr\/chiropratique-hernie-discale\/\",\"url\":\"https:\/\/acc.vn\/fr\/chiropratique-hernie-discale\/\",\"name\":\"Chiropratique &#8211; hernie discale\"}}]}]}<\/script>\n<!-- \/ Yoast SEO Premium plugin. -->","_links":{"self":[{"href":"https:\/\/acc.vn\/fr\/wp-json\/wp\/v2\/pages\/5577"}],"collection":[{"href":"https:\/\/acc.vn\/fr\/wp-json\/wp\/v2\/pages"}],"about":[{"href":"https:\/\/acc.vn\/fr\/wp-json\/wp\/v2\/types\/page"}],"author":[{"embeddable":true,"href":"https:\/\/acc.vn\/fr\/wp-json\/wp\/v2\/users\/4"}],"replies":[{"embeddable":true,"href":"https:\/\/acc.vn\/fr\/wp-json\/wp\/v2\/comments?post=5577"}],"version-history":[{"count":15,"href":"https:\/\/acc.vn\/fr\/wp-json\/wp\/v2\/pages\/5577\/revisions"}],"predecessor-version":[{"id":5829,"href":"https:\/\/acc.vn\/fr\/wp-json\/wp\/v2\/pages\/5577\/revisions\/5829"}],"wp:featuredmedia":[{"embeddable":true,"href":"https:\/\/acc.vn\/fr\/wp-json\/wp\/v2\/media\/5746"}],"wp:attachment":[{"href":"https:\/\/acc.vn\/fr\/wp-json\/wp\/v2\/media?parent=5577"}],"curies":[{"name":"wp","href":"https:\/\/api.w.org\/{rel}","templated":true}]}}