{"id":5575,"date":"2016-06-25T13:11:48","date_gmt":"2016-06-25T06:11:48","guid":{"rendered":"https:\/\/acc.vn\/?page_id=5575"},"modified":"2021-06-30T09:48:02","modified_gmt":"2021-06-30T02:48:02","slug":"semelles-orthopediques","status":"publish","type":"page","link":"https:\/\/acc.vn\/fr\/semelles-orthopediques\/","title":{"rendered":"Semelles Orthop\u00e9diques"},"content":{"rendered":"<div class=\"row\">\n<div class=\"col-lg-6 col-sm-6 col-sm-12\">\n<h3>Qu\u2019est-ce que les semelles orthop\u00e9diques?<\/h3>\n<p>Les semelles orthop\u00e9diques sont pr\u00e9cises, r\u00e9alis\u00e9es pour permettre leur superposition dans la chaussure ou les attacher sur lessandales. Elles apportent un soulagement pour une large vari\u00e9t\u00e9 de probl\u00e8mes entra\u00eenant des douleurs. Les orth\u00e8ses plantaires m\u00e9dicales sont r\u00e9alis\u00e9es \u00e0 partir d\u2019un moule, ou d\u2019un scan actuel du pied.<\/p>\n<p>Les semelles orthop\u00e9diques maintiennent le pied dans une position correcte, et pr\u00e9viennent l\u2019effondrement de l\u2019arche plantaire. Fabriquer une orth\u00e8se plantaire n\u2019est pas \u00e9vident! Aucun pied ni aucun probl\u00e8me de pied n\u2019est identique. Ainsi, lorsque les ordinateurs et la technologie digitale sont utilis\u00e9s dans l\u2019usine de fabrication de semelles orthop\u00e9diques, il reste une grande quantit\u00e9 de travail \u00e0 effectuer \u00e0 la main. \u00c0 l\u2019ACC, nous couplons dans notre travail le savoir-faire traditionnel aux m\u00e9thodes technologiques avanc\u00e9es pour fabriquer une vari\u00e9t\u00e9 de semelles orthop\u00e9diques de la plus haute qualit\u00e9.<\/p>\n<\/div>\n<div class=\"col-lg-6 col-sm-6 col-sm-12\"><a href=\"https:\/\/acc.vn\/fr\/wp-content\/uploads\/sites\/13\/2021\/04\/semelles-image.jpeg\"><img loading=\"lazy\" class=\"aligncenter size-full wp-image-5801\" src=\"https:\/\/acc.vn\/fr\/wp-content\/uploads\/sites\/13\/2021\/04\/semelles-image.jpeg\" alt=\"\" width=\"478\" height=\"372\" srcset=\"https:\/\/acc.vn\/fr\/wp-content\/uploads\/sites\/13\/2021\/04\/semelles-image.jpeg 478w, https:\/\/acc.vn\/fr\/wp-content\/uploads\/sites\/13\/2021\/04\/semelles-image-300x233.jpeg 300w\" sizes=\"(max-width: 478px) 100vw, 478px\" \/><\/a><\/div>\n<\/div>\n","protected":false},"excerpt":{"rendered":"<p>Qu\u2019est-ce que les semelles orthop\u00e9diques? Les semelles orthop\u00e9diques sont pr\u00e9cises, r\u00e9alis\u00e9es pour permettre leur superposition dans la chaussure ou les attacher sur lessandales. Elles apportent un soulagement pour une large vari\u00e9t\u00e9 de probl\u00e8mes entra\u00eenant des douleurs. Les orth\u00e8ses plantaires m\u00e9dicales sont r\u00e9alis\u00e9es \u00e0 partir d\u2019un moule, ou d\u2019un scan actuel du pied. Les semelles orthop\u00e9diques &hellip; <\/p>\n<p class=\"link-more\"><a href=\"https:\/\/acc.vn\/fr\/semelles-orthopediques\/\" class=\"more-link\">View more ><span class=\"screen-reader-text\"> &#8220;Semelles Orthop\u00e9diques&#8221;<\/span><\/a><\/p>\n","protected":false},"author":4,"featured_media":0,"parent":0,"menu_order":0,"comment_status":"closed","ping_status":"closed","template":"page-semelles-widthout-en.php","meta":[],"yoast_head":"<!-- This site is optimized with the Yoast SEO Premium plugin v15.0 - https:\/\/yoast.com\/wordpress\/plugins\/seo\/ -->\n<title>Semelles Orthop\u00e9diques - ACC French<\/title>\n<meta name=\"robots\" content=\"index, follow, max-snippet:-1, max-image-preview:large, max-video-preview:-1\" \/>\n<link rel=\"canonical\" href=\"https:\/\/acc.vn\/fr\/semelles-orthopediques\/\" \/>\n<meta property=\"og:locale\" content=\"en_US\" \/>\n<meta property=\"og:type\" content=\"article\" \/>\n<meta property=\"og:title\" content=\"Semelles Orthop\u00e9diques - ACC French\" \/>\n<meta property=\"og:description\" content=\"Qu\u2019est-ce que les semelles orthop\u00e9diques? Les semelles orthop\u00e9diques sont pr\u00e9cises, r\u00e9alis\u00e9es pour permettre leur superposition dans la chaussure ou les attacher sur lessandales. Elles apportent un soulagement pour une large vari\u00e9t\u00e9 de probl\u00e8mes entra\u00eenant des douleurs. Les orth\u00e8ses plantaires m\u00e9dicales sont r\u00e9alis\u00e9es \u00e0 partir d\u2019un moule, ou d\u2019un scan actuel du pied. Les semelles orthop\u00e9diques &hellip; View more &gt; &quot;Semelles Orthop\u00e9diques&quot;\" \/>\n<meta property=\"og:url\" content=\"https:\/\/acc.vn\/fr\/semelles-orthopediques\/\" \/>\n<meta property=\"og:site_name\" content=\"ACC French\" \/>\n<meta property=\"article:modified_time\" content=\"2021-06-30T02:48:02+00:00\" \/>\n<meta property=\"og:image\" content=\"https:\/\/acc.vn\/fr\/wp-content\/uploads\/sites\/13\/2021\/04\/semelles-image.jpeg\" \/>\n<meta name=\"twitter:card\" content=\"summary\" \/>\n<script type=\"application\/ld+json\" class=\"yoast-schema-graph\">{\"@context\":\"https:\/\/schema.org\",\"@graph\":[{\"@type\":\"WebSite\",\"@id\":\"https:\/\/acc.vn\/fr\/#website\",\"url\":\"https:\/\/acc.vn\/fr\/\",\"name\":\"ACC French\",\"description\":\"Responsive Medical Health WordPress Theme\",\"potentialAction\":[{\"@type\":\"SearchAction\",\"target\":\"https:\/\/acc.vn\/fr\/?s={search_term_string}\",\"query-input\":\"required name=search_term_string\"}],\"inLanguage\":\"en-US\"},{\"@type\":\"ImageObject\",\"@id\":\"https:\/\/acc.vn\/fr\/semelles-orthopediques\/#primaryimage\",\"inLanguage\":\"en-US\",\"url\":\"https:\/\/acc.vn\/fr\/wp-content\/uploads\/sites\/13\/2021\/04\/semelles-image.jpeg\",\"width\":478,\"height\":372},{\"@type\":\"WebPage\",\"@id\":\"https:\/\/acc.vn\/fr\/semelles-orthopediques\/#webpage\",\"url\":\"https:\/\/acc.vn\/fr\/semelles-orthopediques\/\",\"name\":\"Semelles Orthop\\u00e9diques - ACC French\",\"isPartOf\":{\"@id\":\"https:\/\/acc.vn\/fr\/#website\"},\"primaryImageOfPage\":{\"@id\":\"https:\/\/acc.vn\/fr\/semelles-orthopediques\/#primaryimage\"},\"datePublished\":\"2016-06-25T06:11:48+00:00\",\"dateModified\":\"2021-06-30T02:48:02+00:00\",\"breadcrumb\":{\"@id\":\"https:\/\/acc.vn\/fr\/semelles-orthopediques\/#breadcrumb\"},\"inLanguage\":\"en-US\",\"potentialAction\":[{\"@type\":\"ReadAction\",\"target\":[\"https:\/\/acc.vn\/fr\/semelles-orthopediques\/\"]}]},{\"@type\":\"BreadcrumbList\",\"@id\":\"https:\/\/acc.vn\/fr\/semelles-orthopediques\/#breadcrumb\",\"itemListElement\":[{\"@type\":\"ListItem\",\"position\":1,\"item\":{\"@type\":\"WebPage\",\"@id\":\"https:\/\/acc.vn\/fr\/\",\"url\":\"https:\/\/acc.vn\/fr\/\",\"name\":\"Domicile\"}},{\"@type\":\"ListItem\",\"position\":2,\"item\":{\"@type\":\"WebPage\",\"@id\":\"https:\/\/acc.vn\/fr\/semelles-orthopediques\/\",\"url\":\"https:\/\/acc.vn\/fr\/semelles-orthopediques\/\",\"name\":\"Semelles Orthop\\u00e9diques\"}}]}]}<\/script>\n<!-- \/ Yoast SEO Premium plugin. -->","_links":{"self":[{"href":"https:\/\/acc.vn\/fr\/wp-json\/wp\/v2\/pages\/5575"}],"collection":[{"href":"https:\/\/acc.vn\/fr\/wp-json\/wp\/v2\/pages"}],"about":[{"href":"https:\/\/acc.vn\/fr\/wp-json\/wp\/v2\/types\/page"}],"author":[{"embeddable":true,"href":"https:\/\/acc.vn\/fr\/wp-json\/wp\/v2\/users\/4"}],"replies":[{"embeddable":true,"href":"https:\/\/acc.vn\/fr\/wp-json\/wp\/v2\/comments?post=5575"}],"version-history":[{"count":12,"href":"https:\/\/acc.vn\/fr\/wp-json\/wp\/v2\/pages\/5575\/revisions"}],"predecessor-version":[{"id":5824,"href":"https:\/\/acc.vn\/fr\/wp-json\/wp\/v2\/pages\/5575\/revisions\/5824"}],"wp:attachment":[{"href":"https:\/\/acc.vn\/fr\/wp-json\/wp\/v2\/media?parent=5575"}],"curies":[{"name":"wp","href":"https:\/\/api.w.org\/{rel}","templated":true}]}}