{"id":5555,"date":"2016-06-25T12:33:13","date_gmt":"2016-06-25T05:33:13","guid":{"rendered":"https:\/\/acc.vn\/?page_id=5555"},"modified":"2021-06-30T09:46:25","modified_gmt":"2021-06-30T02:46:25","slug":"test","status":"publish","type":"page","link":"https:\/\/acc.vn\/fr\/","title":{"rendered":"Introduction"},"content":{"rendered":"<div class=\"row\">\n<div class=\"col-lg-6 col-sm-6 col-xs-12\">\n<p style=\"text-align: center; font-size: 22px;\"><a href=\"https:\/\/acc.vn\/wp-content\/uploads\/sites\/13\/2016\/06\/Chinese.jpg\"><img loading=\"lazy\" class=\"wp-image-5743 size-full aligncenter\" src=\"https:\/\/acc.vn\/fr\/wp-content\/uploads\/sites\/13\/2016\/06\/Chinese-1.jpg\" alt=\"Chinese\" width=\"700\" height=\"863\" srcset=\"https:\/\/acc.vn\/fr\/wp-content\/uploads\/sites\/13\/2016\/06\/Chinese-1.jpg 700w, https:\/\/acc.vn\/fr\/wp-content\/uploads\/sites\/13\/2016\/06\/Chinese-1-243x300.jpg 243w\" sizes=\"(max-width: 700px) 100vw, 700px\" \/><\/a><\/p>\n<\/div>\n<div class=\"col-lg-6 col-sm-6 col-xs-12\">\n<h3 style=\"font-size: 22px; text-align: left;\"><strong>QU&#8217;EST-CE QUE CHIROPRACTIQUE?<\/strong><\/h3>\n<p>La chiropratique (aussi appel\u00e9e chiropraxie ou chiropractie) est un sp\u00e9cialiste des soins de sant\u00e9 qui se concentre sur les embarras du syst\u00e8me musculaire \u2013 os et le syst\u00e8me nerveux et les effets de ces embarras sur la sant\u00e9 g\u00e9n\u00e9rale. La chiropratique est g\u00e9n\u00e9ralement indiqu\u00e9 dans le traitement des probl\u00e8mes du syst\u00e8me musculaire \u2013 os et du syst\u00e8me nerveux, y compris mais non limit\u00e9 pour des douleurs dorsales, douleurs au cou, des douleurs articulaires des bras, les articulations du pied et des maux de t\u00eate.<\/p>\n<p>La chiropratique est tr\u00e8s efficace dans le traitement de la plupart des probl\u00e8mes discales aux vert\u00e8bres dorsales. Cette m\u00e9thode peut traiter et soutenir pour ceux qui ont pass\u00e9 la chirurgie et le traitement de ces maladies, mais encore de la douleur ou de l\u2019inconfort.<\/p>\n<\/div>\n<\/div>\n","protected":false},"excerpt":{"rendered":"<p>QU&#8217;EST-CE QUE CHIROPRACTIQUE? La chiropratique (aussi appel\u00e9e chiropraxie ou chiropractie) est un sp\u00e9cialiste des soins de sant\u00e9 qui se concentre sur les embarras du syst\u00e8me musculaire \u2013 os et le syst\u00e8me nerveux et les effets de ces embarras sur la sant\u00e9 g\u00e9n\u00e9rale. La chiropratique est g\u00e9n\u00e9ralement indiqu\u00e9 dans le traitement des probl\u00e8mes du syst\u00e8me musculaire &hellip; <\/p>\n<p class=\"link-more\"><a href=\"https:\/\/acc.vn\/fr\/\" class=\"more-link\">View more ><span class=\"screen-reader-text\"> &#8220;Introduction&#8221;<\/span><\/a><\/p>\n","protected":false},"author":4,"featured_media":0,"parent":0,"menu_order":0,"comment_status":"closed","ping_status":"closed","template":"","meta":[],"yoast_head":"<!-- This site is optimized with the Yoast SEO Premium plugin v15.0 - https:\/\/yoast.com\/wordpress\/plugins\/seo\/ -->\n<title>Introduction - ACC French<\/title>\n<meta name=\"robots\" content=\"index, follow, max-snippet:-1, max-image-preview:large, max-video-preview:-1\" \/>\n<link rel=\"canonical\" href=\"https:\/\/acc.vn\/fr\/\" \/>\n<meta property=\"og:locale\" content=\"en_US\" \/>\n<meta property=\"og:type\" content=\"article\" \/>\n<meta property=\"og:title\" content=\"Introduction - ACC French\" \/>\n<meta property=\"og:description\" content=\"QU&#8217;EST-CE QUE CHIROPRACTIQUE? La chiropratique (aussi appel\u00e9e chiropraxie ou chiropractie) est un sp\u00e9cialiste des soins de sant\u00e9 qui se concentre sur les embarras du syst\u00e8me musculaire \u2013 os et le syst\u00e8me nerveux et les effets de ces embarras sur la sant\u00e9 g\u00e9n\u00e9rale. La chiropratique est g\u00e9n\u00e9ralement indiqu\u00e9 dans le traitement des probl\u00e8mes du syst\u00e8me musculaire &hellip; View more &gt; &quot;Introduction&quot;\" \/>\n<meta property=\"og:url\" content=\"https:\/\/acc.vn\/fr\/\" \/>\n<meta property=\"og:site_name\" content=\"ACC French\" \/>\n<meta property=\"article:modified_time\" content=\"2021-06-30T02:46:25+00:00\" \/>\n<meta property=\"og:image\" content=\"https:\/\/acc.vn\/fr\/wp-content\/uploads\/sites\/13\/2016\/06\/Chinese-1.jpg\" \/>\n<meta name=\"twitter:card\" content=\"summary\" \/>\n<script type=\"application\/ld+json\" class=\"yoast-schema-graph\">{\"@context\":\"https:\/\/schema.org\",\"@graph\":[{\"@type\":\"WebSite\",\"@id\":\"https:\/\/acc.vn\/fr\/#website\",\"url\":\"https:\/\/acc.vn\/fr\/\",\"name\":\"ACC French\",\"description\":\"Responsive Medical Health WordPress Theme\",\"potentialAction\":[{\"@type\":\"SearchAction\",\"target\":\"https:\/\/acc.vn\/fr\/?s={search_term_string}\",\"query-input\":\"required name=search_term_string\"}],\"inLanguage\":\"en-US\"},{\"@type\":\"ImageObject\",\"@id\":\"https:\/\/acc.vn\/fr\/#primaryimage\",\"inLanguage\":\"en-US\",\"url\":\"https:\/\/acc.vn\/fr\/wp-content\/uploads\/sites\/13\/2016\/06\/Chinese-1.jpg\",\"width\":700,\"height\":863},{\"@type\":\"WebPage\",\"@id\":\"https:\/\/acc.vn\/fr\/#webpage\",\"url\":\"https:\/\/acc.vn\/fr\/\",\"name\":\"Introduction - ACC French\",\"isPartOf\":{\"@id\":\"https:\/\/acc.vn\/fr\/#website\"},\"primaryImageOfPage\":{\"@id\":\"https:\/\/acc.vn\/fr\/#primaryimage\"},\"datePublished\":\"2016-06-25T05:33:13+00:00\",\"dateModified\":\"2021-06-30T02:46:25+00:00\",\"breadcrumb\":{\"@id\":\"https:\/\/acc.vn\/fr\/#breadcrumb\"},\"inLanguage\":\"en-US\",\"potentialAction\":[{\"@type\":\"ReadAction\",\"target\":[\"https:\/\/acc.vn\/fr\/\"]}]},{\"@type\":\"BreadcrumbList\",\"@id\":\"https:\/\/acc.vn\/fr\/#breadcrumb\",\"itemListElement\":[{\"@type\":\"ListItem\",\"position\":1,\"item\":{\"@type\":\"WebPage\",\"@id\":\"https:\/\/acc.vn\/fr\/\",\"url\":\"https:\/\/acc.vn\/fr\/\",\"name\":\"Domicile\"}},{\"@type\":\"ListItem\",\"position\":2,\"item\":{\"@type\":\"WebPage\",\"@id\":\"https:\/\/acc.vn\/fr\/\",\"url\":\"https:\/\/acc.vn\/fr\/\",\"name\":\"Introduction\"}}]}]}<\/script>\n<!-- \/ Yoast SEO Premium plugin. -->","_links":{"self":[{"href":"https:\/\/acc.vn\/fr\/wp-json\/wp\/v2\/pages\/5555"}],"collection":[{"href":"https:\/\/acc.vn\/fr\/wp-json\/wp\/v2\/pages"}],"about":[{"href":"https:\/\/acc.vn\/fr\/wp-json\/wp\/v2\/types\/page"}],"author":[{"embeddable":true,"href":"https:\/\/acc.vn\/fr\/wp-json\/wp\/v2\/users\/4"}],"replies":[{"embeddable":true,"href":"https:\/\/acc.vn\/fr\/wp-json\/wp\/v2\/comments?post=5555"}],"version-history":[{"count":22,"href":"https:\/\/acc.vn\/fr\/wp-json\/wp\/v2\/pages\/5555\/revisions"}],"predecessor-version":[{"id":5828,"href":"https:\/\/acc.vn\/fr\/wp-json\/wp\/v2\/pages\/5555\/revisions\/5828"}],"wp:attachment":[{"href":"https:\/\/acc.vn\/fr\/wp-json\/wp\/v2\/media?parent=5555"}],"curies":[{"name":"wp","href":"https:\/\/api.w.org\/{rel}","templated":true}]}}